{"id":1831,"date":"2023-10-09T18:58:00","date_gmt":"2023-10-09T18:58:00","guid":{"rendered":"https:\/\/salon-votreargent.fr\/?page_id=1831"},"modified":"2023-10-09T21:05:08","modified_gmt":"2023-10-09T21:05:08","slug":"exposants","status":"publish","type":"page","link":"https:\/\/salon-votreargent.fr\/index.php\/exposants\/","title":{"rendered":"Exposants"},"content":{"rendered":"\t\t<div data-elementor-type=\"wp-page\" data-elementor-id=\"1831\" class=\"elementor elementor-1831\">\n\t\t\t\t\t\t\t\t\t<section class=\"elementor-section elementor-top-section elementor-element elementor-element-22b4b3d elementor-section-full_width elementor-section-height-default elementor-section-height-default\" data-id=\"22b4b3d\" data-element_type=\"section\">\n\t\t\t\t\t\t<div class=\"elementor-container elementor-column-gap-default\">\n\t\t\t\t\t<div class=\"elementor-column elementor-col-100 elementor-top-column elementor-element elementor-element-ac64c4e\" data-id=\"ac64c4e\" data-element_type=\"column\">\n\t\t\t<div class=\"elementor-widget-wrap elementor-element-populated\">\n\t\t\t\t\t\t\t\t<div class=\"elementor-element elementor-element-f60ea3e elementor-widget elementor-widget-conat_about_us_v1\" data-id=\"f60ea3e\" data-element_type=\"widget\" data-widget_type=\"conat_about_us_v1.default\">\n\t\t\t\t<div class=\"elementor-widget-container\">\n\t\t\t        \r\n        <!-- About One -->\r\n        <section class=\"about-one style-two\">\r\n            <div class=\"about-one_pattern-one\" data-parallax='{\"y\" : 80}' style=\"background-image:url(https:\/\/salon-votreargent.fr\/wp-content\/uploads\/2023\/04\/pattern-1-1.png)\"><\/div>            <div class=\"about-one_pattern-two\" data-parallax='{\"y\" : 120}' style=\"background-image:url(https:\/\/salon-votreargent.fr\/wp-content\/uploads\/2023\/04\/pattern-3.png)\"><\/div>            <div class=\"about-one_pattern-three\" style=\"background-image:url(https:\/\/salon-votreargent.fr\/wp-content\/uploads\/2023\/05\/pattern-2.png)\"><\/div>            <div class=\"auto-container\">\r\n                <div class=\"row clearfix\">\r\n                    <!-- Image Column -->\r\n                    <div class=\"about-one_image-column col-lg-6 col-md-12 col-sm-12\">\r\n                        <div class=\"about-one_image-inner\">\r\n                            <div class=\"about-one_pattern-four\" style=\"background-image:url(https:\/\/salon-votreargent.fr\/wp-content\/uploads\/2023\/04\/about-pattern.png)\"><\/div>                            \r\n                                                        <div class=\"about-one_image wow rollIn\">\r\n                                <img decoding=\"async\" src=\"https:\/\/salon-votreargent.fr\/wp-content\/uploads\/2023\/08\/aboutv2.jpg\" alt=\"Awesome Image\" \/>\r\n                            <\/div>\r\n                                                        \r\n                                                    <\/div>\r\n                    <\/div>\r\n                    <!-- Content Column -->\r\n                    <div class=\"about-one_content-column col-lg-6 col-md-12 col-sm-12\">\r\n                        <div class=\"about-one_content-inner\">\r\n                            <div class=\"sec-title title-anim\">\r\n                                <div class=\"sec-title_title\">Salon de la finance Guadeloupe<\/div>\r\n                                <h2 class=\"sec-title_heading\">EXPOSANTS<\/h2>\r\n                            <\/div>\r\n                            <div class=\"about-one_bold-text\">L'organisation du <b>1er Salon de la Finance<\/b>, constitue notre contribution au d\u00e9veloppement \u00e9conomique de notre r\u00e9gion.<\/div>\r\n                            <div class=\"about-one_text\"><p>Appr\u00e9ciant \u00e0  sa juste valeur l'importance de \u00ab l&rsquo;Argent \u00bb pour l&rsquo;\u00e9panouissement de chacun  d&rsquo;entre nous, nous comptons mettre \u00e0 profit votre exp\u00e9rience en tant qu&rsquo;acteur  de la finance, de l&rsquo;expertise bancaire, de l&rsquo;assurance, de la mutualit\u00e9, de la  succession, de la fiscalit\u00e9 pour cr\u00e9er un cadre d&rsquo;\u00e9change entre le grand public  et toutes les structures connexes existantes en Guadeloupe.<\/p>\n<p>Par ailleurs  au-del\u00e0 des stands, plusieurs conf\u00e9rences et ateliers seront tenus avec des  sommit\u00e9s du monde de la finance pour une participation massive du grand public.  Les stands r\u00e9pondront autant \u00e0 vos attentes qu&rsquo;\u00e0 celles des visiteurs, et  seront des espaces tout \u00e0 fait conviviaux pour discuter et conclure des projets  d&rsquo;affaires. <\/p>\n<p>De plus <strong>Nicolas  Bouzou<\/strong>, c\u00e9l\u00e8bre \u00e9conomiste et essayiste, nous parlera de la \u00ab&nbsp;<strong>Finance  publique et de son impact sur l&rsquo;\u00e9conomie du territoire<\/strong>&nbsp;\u00bb pour ouvrir  le salon, l&rsquo;occasion pour vous de profiter d&rsquo;une intervention de haute qualit\u00e9. <\/p>\n<p>Deux espaces  d&rsquo;exposition seront mis \u00e0 votre disposition \u00e0 savoir :<\/p>\n<ul>\n  <li>&#x25A0;  Espace d&rsquo;exposition \u00ab Hall d&rsquo;exposition \u00bb<\/li>\n  <ul>\n    <li>&#x2794;  Stand de 9m\u00b2 \/ 12m\u00b2 disposant d&rsquo;une connexion Internet,  d&rsquo;une ligne t\u00e9l\u00e9phonique et de moquette et prise \u00e9lectrique<\/li>\n  <\/ul>\n<\/ul>\n<br>\n<ul>\n  <li>&#x25A0;  Espace d&rsquo;exposition \u00ab Chapiteaux \u00bb <\/li>\n  <ul>\n    <li>&#x2794;  Stand de 9m\u00b2 \/ 12m\u00b2 disposant d&rsquo;une connexion Internet,  d&rsquo;une ligne t\u00e9l\u00e9phonique et prise \u00e9lectrique<\/li>\n  <\/ul>\n<\/ul>\n<p>\n<br>\nVous comprendrez que si vous \u00eates un acteur de la  finance, de l&rsquo;expertise bancaire, de l&rsquo;assurance, de la mutualit\u00e9, de la  succession, de la fiscalit\u00e9, il serait dommage de manquer ce rendez-vous&nbsp;:  le premier Salon de la Finance <strong>\u00ab&nbsp;VOTRE ARGENT&nbsp;\u00bb.<\/strong><\/div>\r\n                            \r\n                                                        <div class=\"row clearfix\">\r\n                            \t                                <!-- About One Block -->\r\n                                <div class=\"about-one_block col-lg-6 col-md-6 col-sm-12\">\r\n                                    <div class=\"about-one_block-inner\">\r\n                                        <span class=\"about-one_block-icon \"><\/span>\r\n                                        <strong><\/strong>\r\n                                                                            <\/div>\r\n                                <\/div>\r\n                                                            <\/div>\r\n                                                        \r\n                                                    <\/div>\r\n                    <\/div>\r\n                <\/div>\r\n            <\/div>\r\n        <\/section>\r\n        <!-- End About One -->\r\n        \r\n        \t\t<\/div>\n\t\t\t\t<\/div>\n\t\t\t\t\t<\/div>\n\t\t<\/div>\n\t\t\t\t\t\t\t<\/div>\n\t\t<\/section>\n\t\t\t\t<section class=\"elementor-section elementor-top-section elementor-element elementor-element-bd2cdfc elementor-section-full_width elementor-section-height-default elementor-section-height-default\" data-id=\"bd2cdfc\" data-element_type=\"section\">\n\t\t\t\t\t\t<div class=\"elementor-container elementor-column-gap-default\">\n\t\t\t\t\t<div class=\"elementor-column elementor-col-100 elementor-top-column elementor-element elementor-element-ab472d4\" data-id=\"ab472d4\" data-element_type=\"column\">\n\t\t\t<div class=\"elementor-widget-wrap elementor-element-populated\">\n\t\t\t\t\t\t\t\t<div class=\"elementor-element elementor-element-0310cbe elementor-widget elementor-widget-conat_join_the_event_v2\" data-id=\"0310cbe\" data-element_type=\"widget\" data-widget_type=\"conat_join_the_event_v2.default\">\n\t\t\t\t<div class=\"elementor-widget-container\">\n\t\t\t        \r\n        <!-- Services One -->\r\n        <section class=\"services-one\">\r\n            <div class=\"services-one_pattern-one\" style=\"background-image:url(https:\/\/salon-votreargent.fr\/wp-content\/uploads\/2023\/04\/pattern-6.png)\"><\/div>            <div class=\"services-one_pattern-two\" data-parallax='{\"y\" : 100}' style=\"background-image:url(https:\/\/salon-votreargent.fr\/wp-content\/uploads\/2023\/05\/pattern-10.png)\"><\/div>            <div class=\"auto-container\">\r\n                <div class=\"sec-title centered title-anim\">\r\n                    <div class=\"sec-title_title\">salon de la finance guadeloupe<\/div>\r\n                    <h2 class=\"sec-title_heading\">RESERVEZ VOTRE STAND<\/h2>\r\n                <\/div>\r\n                \r\n                                <div class=\"row clearfix\">\r\n                \t                    <!-- Service Block One -->\r\n                    <div class=\"service-block_one col-lg-4 col-md-6 col-sm-12\">\r\n                        <div class=\"service-block_one-inner wow fadeInRight\" data-wow-delay=\"0ms\" data-wow-duration=\"1500ms\">\r\n                            <div class=\"service-block_one-icon fa-file-alt\"><\/div>\r\n                            <h4 class=\"service-block_one-heading\"><a href=\"#\">Cliquer ici<\/a><\/h4>\r\n                            <div class=\"service-block_one-text\"><\/div>\r\n                            <a href=\"#\" class=\"service-block_one-arrow flaticon-next-2\"><\/a>\r\n                        <\/div>\r\n                    <\/div>\r\n                                    <\/div>\r\n                            <\/div>\r\n        <\/section>\r\n        <!-- End Services One -->\r\n        \r\n        \t\t<\/div>\n\t\t\t\t<\/div>\n\t\t\t\t\t<\/div>\n\t\t<\/div>\n\t\t\t\t\t\t\t<\/div>\n\t\t<\/section>\n\t\t\t\t\t\t\t<\/div>\n\t\t","protected":false},"excerpt":{"rendered":"<p>Salon de la finance Guadeloupe EXPOSANTS L&rsquo;organisation du 1er Salon de la Finance, constitue notre contribution au d\u00e9veloppement \u00e9conomique de notre r\u00e9gion. Appr\u00e9ciant \u00e0 sa juste valeur l&rsquo;importance de \u00ab [&hellip;]<\/p>\n","protected":false},"author":1,"featured_media":0,"parent":0,"menu_order":0,"comment_status":"closed","ping_status":"closed","template":"tpl-default-elementor.php","meta":{"footnotes":""},"class_list":["post-1831","page","type-page","status-publish","hentry"],"_links":{"self":[{"href":"https:\/\/salon-votreargent.fr\/index.php\/wp-json\/wp\/v2\/pages\/1831","targetHints":{"allow":["GET"]}}],"collection":[{"href":"https:\/\/salon-votreargent.fr\/index.php\/wp-json\/wp\/v2\/pages"}],"about":[{"href":"https:\/\/salon-votreargent.fr\/index.php\/wp-json\/wp\/v2\/types\/page"}],"author":[{"embeddable":true,"href":"https:\/\/salon-votreargent.fr\/index.php\/wp-json\/wp\/v2\/users\/1"}],"replies":[{"embeddable":true,"href":"https:\/\/salon-votreargent.fr\/index.php\/wp-json\/wp\/v2\/comments?post=1831"}],"version-history":[{"count":30,"href":"https:\/\/salon-votreargent.fr\/index.php\/wp-json\/wp\/v2\/pages\/1831\/revisions"}],"predecessor-version":[{"id":1989,"href":"https:\/\/salon-votreargent.fr\/index.php\/wp-json\/wp\/v2\/pages\/1831\/revisions\/1989"}],"wp:attachment":[{"href":"https:\/\/salon-votreargent.fr\/index.php\/wp-json\/wp\/v2\/media?parent=1831"}],"curies":[{"name":"wp","href":"https:\/\/api.w.org\/{rel}","templated":true}]}}