{"id":1854,"date":"2023-10-09T19:11:06","date_gmt":"2023-10-09T19:11:06","guid":{"rendered":"https:\/\/salon-votreargent.fr\/?page_id=1854"},"modified":"2023-10-09T21:04:28","modified_gmt":"2023-10-09T21:04:28","slug":"visiteurs","status":"publish","type":"page","link":"https:\/\/salon-votreargent.fr\/index.php\/visiteurs\/","title":{"rendered":"Visiteurs"},"content":{"rendered":"\t\t<div data-elementor-type=\"wp-page\" data-elementor-id=\"1854\" class=\"elementor elementor-1854\">\n\t\t\t\t\t\t\t\t\t<section class=\"elementor-section elementor-top-section elementor-element elementor-element-22b4b3d elementor-section-full_width elementor-section-height-default elementor-section-height-default\" data-id=\"22b4b3d\" data-element_type=\"section\">\n\t\t\t\t\t\t<div class=\"elementor-container elementor-column-gap-default\">\n\t\t\t\t\t<div class=\"elementor-column elementor-col-100 elementor-top-column elementor-element elementor-element-ac64c4e\" data-id=\"ac64c4e\" data-element_type=\"column\">\n\t\t\t<div class=\"elementor-widget-wrap elementor-element-populated\">\n\t\t\t\t\t\t\t\t<div class=\"elementor-element elementor-element-f60ea3e elementor-widget elementor-widget-conat_about_us_v1\" data-id=\"f60ea3e\" data-element_type=\"widget\" data-widget_type=\"conat_about_us_v1.default\">\n\t\t\t\t<div class=\"elementor-widget-container\">\n\t\t\t        \r\n        <!-- About One -->\r\n        <section class=\"about-one style-two\">\r\n            <div class=\"about-one_pattern-one\" data-parallax='{\"y\" : 80}' style=\"background-image:url(https:\/\/salon-votreargent.fr\/wp-content\/uploads\/2023\/04\/pattern-1-1.png)\"><\/div>            <div class=\"about-one_pattern-two\" data-parallax='{\"y\" : 120}' style=\"background-image:url(https:\/\/salon-votreargent.fr\/wp-content\/uploads\/2023\/04\/pattern-3.png)\"><\/div>            <div class=\"about-one_pattern-three\" style=\"background-image:url(https:\/\/salon-votreargent.fr\/wp-content\/uploads\/2023\/05\/pattern-2.png)\"><\/div>            <div class=\"auto-container\">\r\n                <div class=\"row clearfix\">\r\n                    <!-- Image Column -->\r\n                    <div class=\"about-one_image-column col-lg-6 col-md-12 col-sm-12\">\r\n                        <div class=\"about-one_image-inner\">\r\n                            <div class=\"about-one_pattern-four\" style=\"background-image:url(https:\/\/salon-votreargent.fr\/wp-content\/uploads\/2023\/04\/about-pattern.png)\"><\/div>                            \r\n                                                        <div class=\"about-one_image wow rollIn\">\r\n                                <img decoding=\"async\" src=\"https:\/\/salon-votreargent.fr\/wp-content\/uploads\/2023\/08\/aboutv2.jpg\" alt=\"Awesome Image\" \/>\r\n                            <\/div>\r\n                                                        \r\n                                                    <\/div>\r\n                    <\/div>\r\n                    <!-- Content Column -->\r\n                    <div class=\"about-one_content-column col-lg-6 col-md-12 col-sm-12\">\r\n                        <div class=\"about-one_content-inner\">\r\n                            <div class=\"sec-title title-anim\">\r\n                                <div class=\"sec-title_title\">Salon de la finance Guadeloupe<\/div>\r\n                                <h2 class=\"sec-title_heading\">VISITEURS<\/h2>\r\n                            <\/div>\r\n                            <div class=\"about-one_bold-text\">L'organisation  du <strong>1er Salon d\u00e9di\u00e9 \u00e0 vos finances<\/strong>, constitue notre contribution au  d\u00e9veloppement \u00e9conomique de notre r\u00e9gion.<\/div>\r\n                            <div class=\"about-one_text\"><p>Appr\u00e9ciant \u00e0  sa juste valeur l'importance de \u00ab <strong>l&rsquo;Argent<\/strong> \u00bb pour l&rsquo;\u00e9panouissement de  chacun d&rsquo;entre nous, nous comptons mettre \u00e0 profit l&rsquo;exp\u00e9rience de l&rsquo;ensemble  des acteurs de la <strong>finance<\/strong>, de l&rsquo;<strong>expertise<\/strong> <strong>bancaire<\/strong>, de l<strong>&rsquo;assurance<\/strong>,  de la <strong>mutualit\u00e9<\/strong>, de la <strong>succession<\/strong>, de la <strong>fiscalit\u00e9<\/strong> pour  cr\u00e9er un cadre d&rsquo;\u00e9change entre vous et toutes les structures connexes  existantes en <strong>Guadeloupe<\/strong>.<\/p>\n<p>Dans ce  salon, vous pourrez non seulement aller \u00e0 la rencontre de tous les acteurs en  rapport avec <strong>l&rsquo;argent en Guadeloupe<\/strong>, mais vous pourrez \u00e9galement  participer \u00e0 des <strong>ateliers<\/strong> ou des mini-conf\u00e9rences sur des sujets qui  impactent directement votre quotidien, anim\u00e9s par des sommit\u00e9s du secteur.<br>\n  Diff\u00e9rents  th\u00e8mes seront&nbsp;abord\u00e9s, entre autres&nbsp;: <\/p>\n<ul>\n  <li>&#x25A0; <strong>La d\u00e9fiscalisation, <\/strong><\/li>\n  <li>&#x25A0; <strong>Le micro-cr\u00e9dit,<\/strong><\/li>\n  <li>&#x25A0; <strong>L &rsquo;endettement, <\/strong><\/li>\n  <li>&#x25A0; <strong>Les cryptomonnaies, <\/strong><\/li>\n  <li>&#x25A0; <strong>La succession <\/strong><\/li>\n<\/ul>\n<p><strong>&nbsp;<\/strong><\/p>\n<p>Pendant 3  jours, vous pourrez apprendre \u00e0 g\u00e9rer, planifier, investir, \u00e9pargner, acheter  ou vendre\u2026Une occasion unique de rencontrer tous les acteurs qui font votre  argent <strong>en Guadeloupe<\/strong>.<\/p>\n<p>Nous vous  donnons donc rendez-vous <strong>du 21 au 23 mars 2024<\/strong>.<\/p><\/div>\r\n                            \r\n                                                        <div class=\"row clearfix\">\r\n                            \t                                <!-- About One Block -->\r\n                                <div class=\"about-one_block col-lg-6 col-md-6 col-sm-12\">\r\n                                    <div class=\"about-one_block-inner\">\r\n                                        <span class=\"about-one_block-icon \"><\/span>\r\n                                        <strong><\/strong>\r\n                                                                            <\/div>\r\n                                <\/div>\r\n                                                            <\/div>\r\n                                                        \r\n                                                    <\/div>\r\n                    <\/div>\r\n                <\/div>\r\n            <\/div>\r\n        <\/section>\r\n        <!-- End About One -->\r\n        \r\n        \t\t<\/div>\n\t\t\t\t<\/div>\n\t\t\t\t\t<\/div>\n\t\t<\/div>\n\t\t\t\t\t\t\t<\/div>\n\t\t<\/section>\n\t\t\t\t<section class=\"elementor-section elementor-top-section elementor-element elementor-element-bd2cdfc elementor-section-full_width elementor-section-height-default elementor-section-height-default\" data-id=\"bd2cdfc\" data-element_type=\"section\">\n\t\t\t\t\t\t<div class=\"elementor-container elementor-column-gap-default\">\n\t\t\t\t\t<div class=\"elementor-column elementor-col-100 elementor-top-column elementor-element elementor-element-ab472d4\" data-id=\"ab472d4\" data-element_type=\"column\">\n\t\t\t<div class=\"elementor-widget-wrap elementor-element-populated\">\n\t\t\t\t\t\t\t\t<div class=\"elementor-element elementor-element-0310cbe elementor-widget elementor-widget-conat_join_the_event_v2\" data-id=\"0310cbe\" data-element_type=\"widget\" data-widget_type=\"conat_join_the_event_v2.default\">\n\t\t\t\t<div class=\"elementor-widget-container\">\n\t\t\t        \r\n        <!-- Services One -->\r\n        <section class=\"services-one\">\r\n            <div class=\"services-one_pattern-one\" style=\"background-image:url(https:\/\/salon-votreargent.fr\/wp-content\/uploads\/2023\/04\/pattern-6.png)\"><\/div>            <div class=\"services-one_pattern-two\" data-parallax='{\"y\" : 100}' style=\"background-image:url(https:\/\/salon-votreargent.fr\/wp-content\/uploads\/2023\/05\/pattern-10.png)\"><\/div>            <div class=\"auto-container\">\r\n                <div class=\"sec-title centered title-anim\">\r\n                    <div class=\"sec-title_title\">salon de la finance guadeloupe<\/div>\r\n                    <h2 class=\"sec-title_heading\">JE SOUHAITE ETRE INFORME DE L\u2019OUVERTURE DE LA BILLETERIE<\/h2>\r\n                <\/div>\r\n                \r\n                                <div class=\"row clearfix\">\r\n                \t                    <!-- Service Block One -->\r\n                    <div class=\"service-block_one col-lg-4 col-md-6 col-sm-12\">\r\n                        <div class=\"service-block_one-inner wow fadeInRight\" data-wow-delay=\"0ms\" data-wow-duration=\"1500ms\">\r\n                            <div class=\"service-block_one-icon fa-file-alt\"><\/div>\r\n                            <h4 class=\"service-block_one-heading\"><a href=\"#\">Cliquer ici<\/a><\/h4>\r\n                            <div class=\"service-block_one-text\"><\/div>\r\n                            <a href=\"#\" class=\"service-block_one-arrow flaticon-next-2\"><\/a>\r\n                        <\/div>\r\n                    <\/div>\r\n                                    <\/div>\r\n                            <\/div>\r\n        <\/section>\r\n        <!-- End Services One -->\r\n        \r\n        \t\t<\/div>\n\t\t\t\t<\/div>\n\t\t\t\t\t<\/div>\n\t\t<\/div>\n\t\t\t\t\t\t\t<\/div>\n\t\t<\/section>\n\t\t\t\t\t\t\t<\/div>\n\t\t","protected":false},"excerpt":{"rendered":"<p>Salon de la finance Guadeloupe VISITEURS L&rsquo;organisation du 1er Salon d\u00e9di\u00e9 \u00e0 vos finances, constitue notre contribution au d\u00e9veloppement \u00e9conomique de notre r\u00e9gion. Appr\u00e9ciant \u00e0 sa juste valeur l&rsquo;importance de [&hellip;]<\/p>\n","protected":false},"author":1,"featured_media":0,"parent":0,"menu_order":0,"comment_status":"closed","ping_status":"closed","template":"tpl-default-elementor.php","meta":{"footnotes":""},"class_list":["post-1854","page","type-page","status-publish","hentry"],"_links":{"self":[{"href":"https:\/\/salon-votreargent.fr\/index.php\/wp-json\/wp\/v2\/pages\/1854","targetHints":{"allow":["GET"]}}],"collection":[{"href":"https:\/\/salon-votreargent.fr\/index.php\/wp-json\/wp\/v2\/pages"}],"about":[{"href":"https:\/\/salon-votreargent.fr\/index.php\/wp-json\/wp\/v2\/types\/page"}],"author":[{"embeddable":true,"href":"https:\/\/salon-votreargent.fr\/index.php\/wp-json\/wp\/v2\/users\/1"}],"replies":[{"embeddable":true,"href":"https:\/\/salon-votreargent.fr\/index.php\/wp-json\/wp\/v2\/comments?post=1854"}],"version-history":[{"count":2,"href":"https:\/\/salon-votreargent.fr\/index.php\/wp-json\/wp\/v2\/pages\/1854\/revisions"}],"predecessor-version":[{"id":1988,"href":"https:\/\/salon-votreargent.fr\/index.php\/wp-json\/wp\/v2\/pages\/1854\/revisions\/1988"}],"wp:attachment":[{"href":"https:\/\/salon-votreargent.fr\/index.php\/wp-json\/wp\/v2\/media?parent=1854"}],"curies":[{"name":"wp","href":"https:\/\/api.w.org\/{rel}","templated":true}]}}