{"id":1863,"date":"2023-10-09T19:21:54","date_gmt":"2023-10-09T19:21:54","guid":{"rendered":"https:\/\/salon-votreargent.fr\/?page_id=1863"},"modified":"2023-10-09T21:11:10","modified_gmt":"2023-10-09T21:11:10","slug":"programme","status":"publish","type":"page","link":"https:\/\/salon-votreargent.fr\/index.php\/programme\/","title":{"rendered":"Programme"},"content":{"rendered":"\t\t<div data-elementor-type=\"wp-page\" data-elementor-id=\"1863\" class=\"elementor elementor-1863\">\n\t\t\t\t\t\t\t\t\t<section class=\"elementor-section elementor-top-section elementor-element elementor-element-d675327 elementor-section-full_width elementor-section-height-default elementor-section-height-default\" data-id=\"d675327\" data-element_type=\"section\">\n\t\t\t\t\t\t<div class=\"elementor-container elementor-column-gap-default\">\n\t\t\t\t\t<div class=\"elementor-column elementor-col-100 elementor-top-column elementor-element elementor-element-88ce103\" data-id=\"88ce103\" data-element_type=\"column\">\n\t\t\t<div class=\"elementor-widget-wrap elementor-element-populated\">\n\t\t\t\t\t\t\t\t<div class=\"elementor-element elementor-element-75397a0 elementor-widget elementor-widget-conat_thought_leadership_v3\" data-id=\"75397a0\" data-element_type=\"widget\" data-widget_type=\"conat_thought_leadership_v3.default\">\n\t\t\t\t<div class=\"elementor-widget-container\">\n\t\t\t        \r\n        <!-- Speakers Four -->\r\n        <section class=\"speakers-four\">\r\n            <div class=\"speakers-four_pattern\" style=\"background-image:url(https:\/\/salon-votreargent.fr\/wp-content\/uploads\/2023\/05\/pattern-24.png)\"><\/div>            <div class=\"auto-container\">\r\n                <div class=\"sec-title\">\r\n                    <div class=\"sec-title_title\">salon de la finance guadeloupe<\/div>\r\n                    <h2 class=\"sec-title_heading\">Venez assister aux <br> conf\u00e9rences sur la Finance <\/h2>\r\n                <\/div>\r\n                <div class=\"inner-container\">\r\n                    <!-- Speaker Info Tabs -->\r\n                    <div class=\"speaker-info-tabs\">\r\n                        <!-- Speaker Tabs -->\r\n                        <div class=\"speaker-tabs_two tabs-box\">\r\n                            <!-- Tab Btns -->\r\n                            <ul class=\"tab-btns tab-buttons clearfix\">\r\n                            \t                                <li data-tab=\"#speaker1-1\" class=\"tab-btn active-btn\"><span>1er Jour<\/span> Mar <strong>21<\/strong><i>2024<\/i><\/li>\r\n                                                                <li data-tab=\"#speaker1-2\" class=\"tab-btn \"><span>2eme Jour<\/span> Mar <strong>22<\/strong><i>2024<\/i><\/li>\r\n                                                                <li data-tab=\"#speaker1-3\" class=\"tab-btn \"><span>3eme Jour<\/span> Mar <strong>23<\/strong><i>2024<\/i><\/li>\r\n                                                            <\/ul>\r\n                            \r\n                            <!-- Tabs Container -->\r\n                            <div class=\"tabs-content\">\r\n                                                            <\/div>\r\n                        <\/div>\r\n                    <\/div>\r\n                <\/div>\r\n            <\/div>\r\n        <\/section>\r\n        <!-- End Speakers Four -->\r\n        \r\n\t\t\t\t<\/div>\n\t\t\t\t<\/div>\n\t\t\t\t\t<\/div>\n\t\t<\/div>\n\t\t\t\t\t\t\t<\/div>\n\t\t<\/section>\n\t\t\t\t<section class=\"elementor-section elementor-top-section elementor-element elementor-element-ebed684 elementor-section-full_width elementor-section-height-default elementor-section-height-default\" data-id=\"ebed684\" data-element_type=\"section\">\n\t\t\t\t\t\t<div class=\"elementor-container elementor-column-gap-default\">\n\t\t\t\t\t<div class=\"elementor-column elementor-col-100 elementor-top-column elementor-element elementor-element-aa9a454\" data-id=\"aa9a454\" data-element_type=\"column\">\n\t\t\t<div class=\"elementor-widget-wrap elementor-element-populated\">\n\t\t\t\t\t\t\t\t<div class=\"elementor-element elementor-element-f57f95e elementor-widget elementor-widget-conat_testimonials_v1\" data-id=\"f57f95e\" data-element_type=\"widget\" data-widget_type=\"conat_testimonials_v1.default\">\n\t\t\t\t<div class=\"elementor-widget-container\">\n\t\t\t        \r\n        <!-- Testimonial One -->\r\n        <section class=\"testimonial-one\">\r\n            <div class=\"testimonial-one_pattern\" style=\"background-image:url(https:\/\/salon-votreargent.fr\/wp-content\/uploads\/2023\/05\/8-1.jpg)\"><\/div>            <div class=\"auto-container\">\r\n                <div class=\"sec-title\">\r\n                    <div class=\"sec-title_title\">Paroles d'exposants<\/div>\r\n                    <h2 class=\"sec-title_heading\">Pourquoi la Finance occupe une place pr\u00e9pond\u00e9rante dans notre soci\u00e9t\u00e9<\/h2>\r\n                <\/div>\r\n                \r\n                                <div class=\"two-item-carousel owl-carousel owl-theme\">\r\n                \t                    <!-- Testimonial Block One -->\r\n                    <div class=\"testimonial-block_one\">\r\n                        <div class=\"testimonial-block_one-inner\">\r\n                            <div class=\"testimonial-block_one-content\">\r\n                                <div class=\"testimonial-block_one-text\">Petierunt uti sibi concilium totius Galliae in diem certam indicere. Dolor sit amet eiusmod consectetur elit sed tempor incd idunt labore et dolore magna aliqua.<\/div>\r\n                                \r\n                                                                <div class=\"testimonial-block_one-rating\">\r\n                                \t<span class=\"fa fa-star\"><\/span><span class=\"fa fa-star\"><\/span><span class=\"fa fa-star\"><\/span><span class=\"fa fa-star\"><\/span><span class=\"fa fa-star\"><\/span>                                <\/div>\r\n                                                                <div class=\"testimonial-block_one-quote flaticon-quote\"><\/div>\r\n                            <\/div>\r\n                            <div class=\"testimonial-block_one-lower\">\r\n                            \t                                <div class=\"testimonial-block_one-author\">\r\n                                    <img loading=\"lazy\" decoding=\"async\" width=\"120\" height=\"120\" src=\"https:\/\/salon-votreargent.fr\/wp-content\/uploads\/2023\/05\/author-1.jpg\" class=\"attachment-conat_120x120 size-conat_120x120 wp-post-image\" alt=\"\" srcset=\"https:\/\/salon-votreargent.fr\/wp-content\/uploads\/2023\/05\/author-1.jpg 120w, https:\/\/salon-votreargent.fr\/wp-content\/uploads\/2023\/05\/author-1-60x60.jpg 60w, https:\/\/salon-votreargent.fr\/wp-content\/uploads\/2023\/05\/author-1-80x80.jpg 80w\" sizes=\"auto, (max-width: 120px) 100vw, 120px\" \/>                                <\/div>\r\n                                                                \r\n                                <strong>Monszil Baker<\/strong>\r\n                                Development Expert                            <\/div>\r\n                        <\/div>\r\n                    <\/div>\r\n                                        <!-- Testimonial Block One -->\r\n                    <div class=\"testimonial-block_one\">\r\n                        <div class=\"testimonial-block_one-inner\">\r\n                            <div class=\"testimonial-block_one-content\">\r\n                                <div class=\"testimonial-block_one-text\">Petierunt uti sibi concilium totius Galliae in diem certam indicere. Dolor sit amet eiusmod consectetur elit sed tempor incd idunt labore et dolore magna aliqua.<\/div>\r\n                                \r\n                                                                <div class=\"testimonial-block_one-rating\">\r\n                                \t<span class=\"fa fa-star\"><\/span><span class=\"fa fa-star\"><\/span><span class=\"fa fa-star\"><\/span><span class=\"fa fa-star\"><\/span><span class=\"fa fa-star-o\"><\/span>                                <\/div>\r\n                                                                <div class=\"testimonial-block_one-quote flaticon-quote\"><\/div>\r\n                            <\/div>\r\n                            <div class=\"testimonial-block_one-lower\">\r\n                            \t                                <div class=\"testimonial-block_one-author\">\r\n                                    <img loading=\"lazy\" decoding=\"async\" width=\"120\" height=\"120\" src=\"https:\/\/salon-votreargent.fr\/wp-content\/uploads\/2023\/05\/author-2.jpg\" class=\"attachment-conat_120x120 size-conat_120x120 wp-post-image\" alt=\"\" srcset=\"https:\/\/salon-votreargent.fr\/wp-content\/uploads\/2023\/05\/author-2.jpg 120w, https:\/\/salon-votreargent.fr\/wp-content\/uploads\/2023\/05\/author-2-60x60.jpg 60w, https:\/\/salon-votreargent.fr\/wp-content\/uploads\/2023\/05\/author-2-80x80.jpg 80w\" sizes=\"auto, (max-width: 120px) 100vw, 120px\" \/>                                <\/div>\r\n                                                                \r\n                                <strong>Micheal Wolk<\/strong>\r\n                                Marketing Expert                            <\/div>\r\n                        <\/div>\r\n                    <\/div>\r\n                                        <!-- Testimonial Block One -->\r\n                    <div class=\"testimonial-block_one\">\r\n                        <div class=\"testimonial-block_one-inner\">\r\n                            <div class=\"testimonial-block_one-content\">\r\n                                <div class=\"testimonial-block_one-text\">Petierunt uti sibi concilium totius Galliae in diem certam indicere. Dolor sit amet eiusmod consectetur elit sed tempor incd idunt labore et dolore magna aliqua.<\/div>\r\n                                \r\n                                                                <div class=\"testimonial-block_one-rating\">\r\n                                \t<span class=\"fa fa-star\"><\/span><span class=\"fa fa-star\"><\/span><span class=\"fa fa-star\"><\/span><span class=\"fa fa-star\"><\/span><span class=\"fa fa-star\"><\/span>                                <\/div>\r\n                                                                <div class=\"testimonial-block_one-quote flaticon-quote\"><\/div>\r\n                            <\/div>\r\n                            <div class=\"testimonial-block_one-lower\">\r\n                            \t                                <div class=\"testimonial-block_one-author\">\r\n                                    <img loading=\"lazy\" decoding=\"async\" width=\"120\" height=\"120\" src=\"https:\/\/salon-votreargent.fr\/wp-content\/uploads\/2023\/05\/author-1.jpg\" class=\"attachment-conat_120x120 size-conat_120x120 wp-post-image\" alt=\"\" srcset=\"https:\/\/salon-votreargent.fr\/wp-content\/uploads\/2023\/05\/author-1.jpg 120w, https:\/\/salon-votreargent.fr\/wp-content\/uploads\/2023\/05\/author-1-60x60.jpg 60w, https:\/\/salon-votreargent.fr\/wp-content\/uploads\/2023\/05\/author-1-80x80.jpg 80w\" sizes=\"auto, (max-width: 120px) 100vw, 120px\" \/>                                <\/div>\r\n                                                                \r\n                                <strong>Monszil Baker<\/strong>\r\n                                Development Expert                            <\/div>\r\n                        <\/div>\r\n                    <\/div>\r\n                                        <!-- Testimonial Block One -->\r\n                    <div class=\"testimonial-block_one\">\r\n                        <div class=\"testimonial-block_one-inner\">\r\n                            <div class=\"testimonial-block_one-content\">\r\n                                <div class=\"testimonial-block_one-text\">Petierunt uti sibi concilium totius Galliae in diem certam indicere. Dolor sit amet eiusmod consectetur elit sed tempor incd idunt labore et dolore magna aliqua.<\/div>\r\n                                \r\n                                                                <div class=\"testimonial-block_one-rating\">\r\n                                \t<span class=\"fa fa-star\"><\/span><span class=\"fa fa-star\"><\/span><span class=\"fa fa-star\"><\/span><span class=\"fa fa-star\"><\/span><span class=\"fa fa-star-o\"><\/span>                                <\/div>\r\n                                                                <div class=\"testimonial-block_one-quote flaticon-quote\"><\/div>\r\n                            <\/div>\r\n                            <div class=\"testimonial-block_one-lower\">\r\n                            \t                                <div class=\"testimonial-block_one-author\">\r\n                                    <img loading=\"lazy\" decoding=\"async\" width=\"120\" height=\"120\" src=\"https:\/\/salon-votreargent.fr\/wp-content\/uploads\/2023\/05\/author-2.jpg\" class=\"attachment-conat_120x120 size-conat_120x120 wp-post-image\" alt=\"\" srcset=\"https:\/\/salon-votreargent.fr\/wp-content\/uploads\/2023\/05\/author-2.jpg 120w, https:\/\/salon-votreargent.fr\/wp-content\/uploads\/2023\/05\/author-2-60x60.jpg 60w, https:\/\/salon-votreargent.fr\/wp-content\/uploads\/2023\/05\/author-2-80x80.jpg 80w\" sizes=\"auto, (max-width: 120px) 100vw, 120px\" \/>                                <\/div>\r\n                                                                \r\n                                <strong>Micheal Wolk<\/strong>\r\n                                Marketing Expert                            <\/div>\r\n                        <\/div>\r\n                    <\/div>\r\n                                    <\/div>\r\n                            <\/div>\r\n        <\/section>\r\n        <!-- End Testimonial One -->\r\n        \r\n        \t\t<\/div>\n\t\t\t\t<\/div>\n\t\t\t\t\t<\/div>\n\t\t<\/div>\n\t\t\t\t\t\t\t<\/div>\n\t\t<\/section>\n\t\t\t\t<section class=\"elementor-section elementor-top-section elementor-element elementor-element-7cd63e6 elementor-section-full_width elementor-section-height-default elementor-section-height-default\" data-id=\"7cd63e6\" data-element_type=\"section\">\n\t\t\t\t\t\t<div class=\"elementor-container elementor-column-gap-default\">\n\t\t\t\t\t<div class=\"elementor-column elementor-col-100 elementor-top-column elementor-element elementor-element-1a9333f\" data-id=\"1a9333f\" data-element_type=\"column\">\n\t\t\t<div class=\"elementor-widget-wrap elementor-element-populated\">\n\t\t\t\t\t\t\t\t<div class=\"elementor-element elementor-element-67ec55c elementor-widget elementor-widget-conat_partners\" data-id=\"67ec55c\" data-element_type=\"widget\" data-widget_type=\"conat_partners.default\">\n\t\t\t\t<div class=\"elementor-widget-container\">\n\t\t\t        \r\n                <!-- Clients Two -->\r\n        <section class=\"clients-two style-two\">\r\n            <div class=\"auto-container\">\r\n                <div class=\"sec-title title-anim centered\">\r\n                    <div class=\"sec-title_title\">partenaires<\/div>\r\n                    <h2 class=\"sec-title_heading\">Appr\u00e9ciez nos aimables partenaires<\/h2>\r\n                <\/div>\r\n                \r\n                                 <div class=\"clients-two_slide d-flex\">\r\n                \t                    <!-- Client Column -->\r\n                    <div class=\"clients-two_column\">\r\n                        <a href=\"#\"><img decoding=\"async\" src=\"https:\/\/salon-votreargent.fr\/wp-content\/uploads\/2023\/05\/1.png\" alt=\"Awesome Image\"><\/a>\r\n                    <\/div>\r\n                                        <!-- Client Column -->\r\n                    <div class=\"clients-two_column\">\r\n                        <a href=\"#\"><img decoding=\"async\" src=\"https:\/\/salon-votreargent.fr\/wp-content\/uploads\/2023\/05\/2.png\" alt=\"Awesome Image\"><\/a>\r\n                    <\/div>\r\n                                        <!-- Client Column -->\r\n                    <div class=\"clients-two_column\">\r\n                        <a href=\"#\"><img decoding=\"async\" src=\"https:\/\/salon-votreargent.fr\/wp-content\/uploads\/2023\/05\/3.png\" alt=\"Awesome Image\"><\/a>\r\n                    <\/div>\r\n                                        <!-- Client Column -->\r\n                    <div class=\"clients-two_column\">\r\n                        <a href=\"#\"><img decoding=\"async\" src=\"https:\/\/salon-votreargent.fr\/wp-content\/uploads\/2023\/05\/4.png\" alt=\"Awesome Image\"><\/a>\r\n                    <\/div>\r\n                                        <!-- Client Column -->\r\n                    <div class=\"clients-two_column\">\r\n                        <a href=\"#\"><img decoding=\"async\" src=\"https:\/\/salon-votreargent.fr\/wp-content\/uploads\/2023\/05\/5.png\" alt=\"Awesome Image\"><\/a>\r\n                    <\/div>\r\n                                        <!-- Client Column -->\r\n                    <div class=\"clients-two_column\">\r\n                        <a href=\"#\"><img decoding=\"async\" src=\"https:\/\/salon-votreargent.fr\/wp-content\/uploads\/2023\/05\/6.png\" alt=\"Awesome Image\"><\/a>\r\n                    <\/div>\r\n                                        <!-- Client Column -->\r\n                    <div class=\"clients-two_column\">\r\n                        <a href=\"#\"><img decoding=\"async\" src=\"https:\/\/salon-votreargent.fr\/wp-content\/uploads\/2023\/05\/7.png\" alt=\"Awesome Image\"><\/a>\r\n                    <\/div>\r\n                                        <!-- Client Column -->\r\n                    <div class=\"clients-two_column\">\r\n                        <a href=\"#\"><img decoding=\"async\" src=\"https:\/\/salon-votreargent.fr\/wp-content\/uploads\/2023\/05\/8.png\" alt=\"Awesome Image\"><\/a>\r\n                    <\/div>\r\n                                    <\/div>\r\n                            <\/div>\r\n        <\/section>\r\n        <!-- End Clients Two -->\r\n        \r\n                \r\n        \t\t<\/div>\n\t\t\t\t<\/div>\n\t\t\t\t\t<\/div>\n\t\t<\/div>\n\t\t\t\t\t\t\t<\/div>\n\t\t<\/section>\n\t\t\t\t<section class=\"elementor-section elementor-top-section elementor-element elementor-element-3cf4eab elementor-section-full_width elementor-section-height-default elementor-section-height-default\" data-id=\"3cf4eab\" data-element_type=\"section\">\n\t\t\t\t\t\t<div class=\"elementor-container elementor-column-gap-default\">\n\t\t\t\t\t<div class=\"elementor-column elementor-col-100 elementor-top-column elementor-element elementor-element-4c28fd6\" data-id=\"4c28fd6\" data-element_type=\"column\">\n\t\t\t<div class=\"elementor-widget-wrap elementor-element-populated\">\n\t\t\t\t\t\t\t\t<div class=\"elementor-element elementor-element-2e8c1f5 elementor-widget elementor-widget-conat_subscriber\" data-id=\"2e8c1f5\" data-element_type=\"widget\" data-widget_type=\"conat_subscriber.default\">\n\t\t\t\t<div class=\"elementor-widget-container\">\n\t\t\t        \r\n                \r\n        <!-- Subscribe One -->\r\n        <section class=\"subscribe-two\" style=\"background-image: url(https:\/\/salon-votreargent.fr\/wp-content\/uploads\/2023\/05\/6-1.jpg)\">\r\n            <div class=\"auto-container\">\r\n                <div class=\"inner-container\">\r\n                    <div class=\"row clearfix\">\r\n                        <div class=\"subscribe-two_title-column col-lg-6 col-md-12 col-sm-12\">\r\n                            <div class=\"subscribe-two_title\">Obtenez les derni\u00e8res Informations<\/div>\r\n                            <h3 class=\"subscribe-two_heading\">S'inscrire aux Newsletters<\/h3>\r\n                        <\/div>\r\n                        \r\n                        <!-- Form Column -->\r\n                        <div class=\"form-column col-lg-6 col-md-12 col-sm-12\">\r\n                                                        <!-- Subscribe Box -->\r\n                            <div class=\"subscribe-box style-two\">\r\n                                \n<div class=\"wpcf7 no-js\" id=\"wpcf7-f285-o1\" lang=\"en-US\" dir=\"ltr\">\n<div class=\"screen-reader-response\"><p role=\"status\" aria-live=\"polite\" aria-atomic=\"true\"><\/p> <ul><\/ul><\/div>\n<form action=\"\/index.php\/wp-json\/wp\/v2\/pages\/1863#wpcf7-f285-o1\" method=\"post\" class=\"wpcf7-form init\" aria-label=\"Contact form\" novalidate=\"novalidate\" data-status=\"init\">\n<div style=\"display: none;\">\n<input type=\"hidden\" name=\"_wpcf7\" value=\"285\" \/>\n<input type=\"hidden\" name=\"_wpcf7_version\" value=\"5.7.7\" \/>\n<input type=\"hidden\" name=\"_wpcf7_locale\" value=\"en_US\" \/>\n<input type=\"hidden\" name=\"_wpcf7_unit_tag\" value=\"wpcf7-f285-o1\" \/>\n<input type=\"hidden\" name=\"_wpcf7_container_post\" value=\"0\" \/>\n<input type=\"hidden\" name=\"_wpcf7_posted_data_hash\" value=\"\" \/>\n<\/div>\n<div class=\"form-group\">\n\t<p><span class=\"wpcf7-form-control-wrap\" data-name=\"your-email\"><input size=\"40\" class=\"wpcf7-form-control wpcf7-text wpcf7-email wpcf7-validates-as-required wpcf7-validates-as-email\" aria-required=\"true\" aria-invalid=\"false\" placeholder=\"Your Email Address ...\" value=\"\" type=\"email\" name=\"your-email\" \/><\/span><input class=\"wpcf7-form-control has-spinner wpcf7-submit\" type=\"submit\" value=\"Subscribe\" \/>\n\t<\/p>\n<\/div><p style=\"display: none !important;\"><label>&#916;<textarea name=\"_wpcf7_ak_hp_textarea\" cols=\"45\" rows=\"8\" maxlength=\"100\"><\/textarea><\/label><input type=\"hidden\" id=\"ak_js_1\" name=\"_wpcf7_ak_js\" value=\"228\"\/><script>document.getElementById( \"ak_js_1\" ).setAttribute( \"value\", ( new Date() ).getTime() );<\/script><\/p><div class=\"wpcf7-response-output\" aria-hidden=\"true\"><\/div>\n<\/form>\n<\/div>\n                            <\/div>\r\n                                                    <\/div>\r\n                        \r\n                    <\/div>\r\n                <\/div>\r\n            <\/div>\r\n        <\/section>\r\n        <!-- End Subscribe One -->\r\n                \r\n        \t\t<\/div>\n\t\t\t\t<\/div>\n\t\t\t\t\t<\/div>\n\t\t<\/div>\n\t\t\t\t\t\t\t<\/div>\n\t\t<\/section>\n\t\t\t\t\t\t\t<\/div>\n\t\t","protected":false},"excerpt":{"rendered":"<p>salon de la finance guadeloupe Venez assister aux conf\u00e9rences sur la Finance 1er Jour Mar 212024 2eme Jour Mar 222024 3eme Jour Mar 232024 , Ouverture Location: jarry guadeloupe 10:00 [&hellip;]<\/p>\n","protected":false},"author":1,"featured_media":0,"parent":0,"menu_order":0,"comment_status":"closed","ping_status":"closed","template":"tpl-default-elementor.php","meta":{"footnotes":""},"class_list":["post-1863","page","type-page","status-publish","hentry"],"_links":{"self":[{"href":"https:\/\/salon-votreargent.fr\/index.php\/wp-json\/wp\/v2\/pages\/1863","targetHints":{"allow":["GET"]}}],"collection":[{"href":"https:\/\/salon-votreargent.fr\/index.php\/wp-json\/wp\/v2\/pages"}],"about":[{"href":"https:\/\/salon-votreargent.fr\/index.php\/wp-json\/wp\/v2\/types\/page"}],"author":[{"embeddable":true,"href":"https:\/\/salon-votreargent.fr\/index.php\/wp-json\/wp\/v2\/users\/1"}],"replies":[{"embeddable":true,"href":"https:\/\/salon-votreargent.fr\/index.php\/wp-json\/wp\/v2\/comments?post=1863"}],"version-history":[{"count":34,"href":"https:\/\/salon-votreargent.fr\/index.php\/wp-json\/wp\/v2\/pages\/1863\/revisions"}],"predecessor-version":[{"id":1995,"href":"https:\/\/salon-votreargent.fr\/index.php\/wp-json\/wp\/v2\/pages\/1863\/revisions\/1995"}],"wp:attachment":[{"href":"https:\/\/salon-votreargent.fr\/index.php\/wp-json\/wp\/v2\/media?parent=1863"}],"curies":[{"name":"wp","href":"https:\/\/api.w.org\/{rel}","templated":true}]}}