{"id":667,"date":"2023-05-05T13:08:03","date_gmt":"2023-05-05T13:08:03","guid":{"rendered":"https:\/\/themerange.net\/wp\/conat\/?page_id=667"},"modified":"2023-10-09T18:39:52","modified_gmt":"2023-10-09T18:39:52","slug":"salon","status":"publish","type":"page","link":"https:\/\/salon-votreargent.fr\/index.php\/salon\/","title":{"rendered":"Salon"},"content":{"rendered":"\t\t<div data-elementor-type=\"wp-page\" data-elementor-id=\"667\" class=\"elementor elementor-667\">\n\t\t\t\t\t\t\t\t\t<section class=\"elementor-section elementor-top-section elementor-element elementor-element-22b4b3d elementor-section-full_width elementor-section-height-default elementor-section-height-default\" data-id=\"22b4b3d\" data-element_type=\"section\">\n\t\t\t\t\t\t<div class=\"elementor-container elementor-column-gap-default\">\n\t\t\t\t\t<div class=\"elementor-column elementor-col-100 elementor-top-column elementor-element elementor-element-ac64c4e\" data-id=\"ac64c4e\" data-element_type=\"column\">\n\t\t\t<div class=\"elementor-widget-wrap elementor-element-populated\">\n\t\t\t\t\t\t\t\t<div class=\"elementor-element elementor-element-f60ea3e elementor-widget elementor-widget-conat_about_us_v1\" data-id=\"f60ea3e\" data-element_type=\"widget\" data-widget_type=\"conat_about_us_v1.default\">\n\t\t\t\t<div class=\"elementor-widget-container\">\n\t\t\t        \r\n        <!-- About One -->\r\n        <section class=\"about-one style-two\">\r\n            <div class=\"about-one_pattern-one\" data-parallax='{\"y\" : 80}' style=\"background-image:url(https:\/\/salon-votreargent.fr\/wp-content\/uploads\/2023\/04\/pattern-1-1.png)\"><\/div>            <div class=\"about-one_pattern-two\" data-parallax='{\"y\" : 120}' style=\"background-image:url(https:\/\/salon-votreargent.fr\/wp-content\/uploads\/2023\/04\/pattern-3.png)\"><\/div>            <div class=\"about-one_pattern-three\" style=\"background-image:url(https:\/\/salon-votreargent.fr\/wp-content\/uploads\/2023\/05\/pattern-2.png)\"><\/div>            <div class=\"auto-container\">\r\n                <div class=\"row clearfix\">\r\n                    <!-- Image Column -->\r\n                    <div class=\"about-one_image-column col-lg-6 col-md-12 col-sm-12\">\r\n                        <div class=\"about-one_image-inner\">\r\n                            <div class=\"about-one_pattern-four\" style=\"background-image:url(https:\/\/salon-votreargent.fr\/wp-content\/uploads\/2023\/04\/about-pattern.png)\"><\/div>                            \r\n                                                        <div class=\"about-one_image wow rollIn\">\r\n                                <img decoding=\"async\" src=\"https:\/\/salon-votreargent.fr\/wp-content\/uploads\/2023\/08\/aboutv2.jpg\" alt=\"Awesome Image\" \/>\r\n                            <\/div>\r\n                                                        \r\n                                                    <\/div>\r\n                    <\/div>\r\n                    <!-- Content Column -->\r\n                    <div class=\"about-one_content-column col-lg-6 col-md-12 col-sm-12\">\r\n                        <div class=\"about-one_content-inner\">\r\n                            <div class=\"sec-title title-anim\">\r\n                                <div class=\"sec-title_title\">Salon de la finance Guadeloupe<\/div>\r\n                                <h2 class=\"sec-title_heading\">LE SALON<\/h2>\r\n                            <\/div>\r\n                            <div class=\"about-one_bold-text\">Le contexte socio-\u00e9conomique, dans lequel nous \u00e9voluons est plut\u00f4t tourment\u00e9. Il ne se passe aucun jour sans que l\u2019on entende parler de la souffrance des m\u00e9nages ou des difficult\u00e9s des entreprises. <\/div>\r\n                            <div class=\"about-one_text\">Nous pourrions clairement parler de <span style=\"font-weight: bold\">crises<\/span> \u00e0 plusieurs niveaux. La <span style=\"font-weight: bold\">Guadeloupe<\/span> n\u2019est pas \u00e9pargn\u00e9e par ce ph\u00e9nom\u00e8ne. <br>\n<br>\nQuelqu\u2019un a dit \u00ab L\u2019information est l\u2019oxyg\u00e8ne des temps modernes \u00bb. C\u2019est principalement l\u2019objet de ce salon. Vous permettre de te trouver l\u2019Information dont vous avez besoin pour <span style=\"font-weight: bold\">comprendre VOTRE ARGENT !<\/span><br>\nQue ce soit au sujet de la fiscalit\u00e9, le cr\u00e9dit, le surendettement, la cryptomonnaie ou m\u00eame les prestations sociales, le salon \u00ab VOTRE ARGENT \u00bb a pour vocation de vous donner les cl\u00e9s pour maitriser votre portefeuille.\n<br>\n<br>\nNous vous donnons rendez-vous du 21 au 23 mars 2024, pour cette premi\u00e8re \u00e9dition du salon \u00ab VOTRE ARGENT \u00bb, le premier salon d\u00e9di\u00e9 \u00e0 vos finances.\n<br>\n<br>\n<strong> La fiscalit\u00e9, le cr\u00e9dit, le surendettement, la microfinance, la gestion de patrimoine, les successions ou tout simplement les prestations sociales<\/strong> sont autant de th\u00e9matiques qui pourront \u00eatre abord\u00e9es lors des diff\u00e9rents <span style=\"font-weight: bold\">ateliers<\/span> et autres <strong>conf\u00e9rences<\/strong>. <br>\n<br>\nNicolas Bouzou, c\u00e9l\u00e8bre \u00e9conomiste et essayiste, nous parlera de la \u00ab <strong>Finance publique et de son impact sur l\u2019\u00e9conomie du territoire<\/strong> \u00bb pour ouvrir le salon. <br>\n<br>\nVous l\u2019aurez compris ce salon est l\u2019\u00e9v\u00e9nement \u00e0 ne pas rater si l\u2019on veut apprendre \u00e0 <strong>comprendre ce qu\u2019est votre argent et ma\u00eetriser ses finances.<\/strong><\/div>\r\n                            \r\n                                                        <div class=\"row clearfix\">\r\n                            \t                                <!-- About One Block -->\r\n                                <div class=\"about-one_block col-lg-6 col-md-6 col-sm-12\">\r\n                                    <div class=\"about-one_block-inner\">\r\n                                        <span class=\"about-one_block-icon \"><\/span>\r\n                                        <strong><\/strong>\r\n                                                                            <\/div>\r\n                                <\/div>\r\n                                                            <\/div>\r\n                                                        \r\n                                                    <\/div>\r\n                    <\/div>\r\n                <\/div>\r\n            <\/div>\r\n        <\/section>\r\n        <!-- End About One -->\r\n        \r\n        \t\t<\/div>\n\t\t\t\t<\/div>\n\t\t\t\t\t<\/div>\n\t\t<\/div>\n\t\t\t\t\t\t\t<\/div>\n\t\t<\/section>\n\t\t\t\t<section class=\"elementor-section elementor-top-section elementor-element elementor-element-bd2cdfc elementor-section-full_width elementor-section-height-default elementor-section-height-default\" data-id=\"bd2cdfc\" data-element_type=\"section\">\n\t\t\t\t\t\t<div class=\"elementor-container elementor-column-gap-default\">\n\t\t\t\t\t<div class=\"elementor-column elementor-col-100 elementor-top-column elementor-element elementor-element-ab472d4\" data-id=\"ab472d4\" data-element_type=\"column\">\n\t\t\t<div class=\"elementor-widget-wrap elementor-element-populated\">\n\t\t\t\t\t\t\t\t<div class=\"elementor-element elementor-element-0310cbe elementor-widget elementor-widget-conat_join_the_event_v2\" data-id=\"0310cbe\" data-element_type=\"widget\" data-widget_type=\"conat_join_the_event_v2.default\">\n\t\t\t\t<div class=\"elementor-widget-container\">\n\t\t\t        \r\n        <!-- Services One -->\r\n        <section class=\"services-one\">\r\n            <div class=\"services-one_pattern-one\" style=\"background-image:url(https:\/\/salon-votreargent.fr\/wp-content\/uploads\/2023\/04\/pattern-6.png)\"><\/div>            <div class=\"services-one_pattern-two\" data-parallax='{\"y\" : 100}' style=\"background-image:url(https:\/\/salon-votreargent.fr\/wp-content\/uploads\/2023\/05\/pattern-10.png)\"><\/div>            <div class=\"auto-container\">\r\n                <div class=\"sec-title centered title-anim\">\r\n                    <div class=\"sec-title_title\">Rejoignez-nous<\/div>\r\n                    <h2 class=\"sec-title_heading\">Salon de la Finance 2023<\/h2>\r\n                <\/div>\r\n                \r\n                                <div class=\"row clearfix\">\r\n                \t                    <!-- Service Block One -->\r\n                    <div class=\"service-block_one col-lg-4 col-md-6 col-sm-12\">\r\n                        <div class=\"service-block_one-inner wow fadeInRight\" data-wow-delay=\"0ms\" data-wow-duration=\"1500ms\">\r\n                            <div class=\"service-block_one-icon flaticon-tourist\"><\/div>\r\n                            <h4 class=\"service-block_one-heading\"><a href=\"#\">VISITEURS<\/a><\/h4>\r\n                            <div class=\"service-block_one-text\"><\/div>\r\n                            <a href=\"#\" class=\"service-block_one-arrow flaticon-next-2\"><\/a>\r\n                        <\/div>\r\n                    <\/div>\r\n                                        <!-- Service Block One -->\r\n                    <div class=\"service-block_one col-lg-4 col-md-6 col-sm-12\">\r\n                        <div class=\"service-block_one-inner wow fadeInRight\" data-wow-delay=\"0ms\" data-wow-duration=\"1500ms\">\r\n                            <div class=\"service-block_one-icon fa-building\"><\/div>\r\n                            <h4 class=\"service-block_one-heading\"><a href=\"#\">EXPOSANTS<\/a><\/h4>\r\n                            <div class=\"service-block_one-text\"><\/div>\r\n                            <a href=\"#\" class=\"service-block_one-arrow flaticon-next-2\"><\/a>\r\n                        <\/div>\r\n                    <\/div>\r\n                                    <\/div>\r\n                            <\/div>\r\n        <\/section>\r\n        <!-- End Services One -->\r\n        \r\n        \t\t<\/div>\n\t\t\t\t<\/div>\n\t\t\t\t\t<\/div>\n\t\t<\/div>\n\t\t\t\t\t\t\t<\/div>\n\t\t<\/section>\n\t\t\t\t\t\t\t<\/div>\n\t\t","protected":false},"excerpt":{"rendered":"<p>Salon de la finance Guadeloupe LE SALON Le contexte socio-\u00e9conomique, dans lequel nous \u00e9voluons est plut\u00f4t tourment\u00e9. Il ne se passe aucun jour sans que l\u2019on entende parler de la [&hellip;]<\/p>\n","protected":false},"author":1,"featured_media":0,"parent":0,"menu_order":0,"comment_status":"closed","ping_status":"closed","template":"tpl-default-elementor.php","meta":{"footnotes":""},"class_list":["post-667","page","type-page","status-publish","hentry"],"_links":{"self":[{"href":"https:\/\/salon-votreargent.fr\/index.php\/wp-json\/wp\/v2\/pages\/667","targetHints":{"allow":["GET"]}}],"collection":[{"href":"https:\/\/salon-votreargent.fr\/index.php\/wp-json\/wp\/v2\/pages"}],"about":[{"href":"https:\/\/salon-votreargent.fr\/index.php\/wp-json\/wp\/v2\/types\/page"}],"author":[{"embeddable":true,"href":"https:\/\/salon-votreargent.fr\/index.php\/wp-json\/wp\/v2\/users\/1"}],"replies":[{"embeddable":true,"href":"https:\/\/salon-votreargent.fr\/index.php\/wp-json\/wp\/v2\/comments?post=667"}],"version-history":[{"count":54,"href":"https:\/\/salon-votreargent.fr\/index.php\/wp-json\/wp\/v2\/pages\/667\/revisions"}],"predecessor-version":[{"id":1830,"href":"https:\/\/salon-votreargent.fr\/index.php\/wp-json\/wp\/v2\/pages\/667\/revisions\/1830"}],"wp:attachment":[{"href":"https:\/\/salon-votreargent.fr\/index.php\/wp-json\/wp\/v2\/media?parent=667"}],"curies":[{"name":"wp","href":"https:\/\/api.w.org\/{rel}","templated":true}]}}